{"id":481,"date":"2025-11-13T06:50:27","date_gmt":"2025-11-13T06:50:27","guid":{"rendered":"https:\/\/slfcky.tarramesta.fi\/?post_type=product&#038;p=481"},"modified":"2025-11-13T08:42:03","modified_gmt":"2025-11-13T08:42:03","slug":"t-paita-golden-woman","status":"publish","type":"product","link":"https:\/\/slfcky.tarramesta.fi\/index.php\/tuote\/t-paita-golden-woman\/","title":{"rendered":"T-paita &#8211; Golden woman"},"content":{"rendered":"<p>\u2022 Luomupuuvillaa, lyhyet hihat.<br \/>\n\u2022 Py\u00f6re\u00e4 p\u00e4\u00e4ntie, jossa 1\u00d71 resori.<br \/>\n\u2022 Koristeelliset saumat helmassa ja hihoissa.<br \/>\n\u2022 Irrotettava ECO-merkki.<\/p>\n<p>Materiaali: 100 % kammattua luomupuuvillaa, tavallinen neulos.<br \/>\nPaino: 160 g\/m\u00b2. Valkoinen: 170 g \/ m\u00b2.<br \/>\nVigor\u00e9 harmaa v\u00e4ri: 85% luomupuuvillaa \/ 15% viskoosia.<\/p>\n<p>&nbsp;<\/p>\n<table id=\"size_chart\" class=\"table table-responsive\" width=\"203\" cellspacing=\"0\" cellpadding=\"0\">\n<tbody>\n<tr>\n<th>Koko<\/th>\n<th><img decoding=\"async\" src=\"https:\/\/wordans-a1a5.kxcdn.com\/images\/wordans2010\/length.png\" alt=\"Length\" \/>\u00a0<label id=\"lengthLabel\">Pituus<\/label><\/th>\n<th><img decoding=\"async\" src=\"https:\/\/wordans-a1a5.kxcdn.com\/images\/wordans2010\/width.png\" alt=\"Width\" \/>\u00a0<label id=\"widthLabel\">Leveys<\/label><\/th>\n<\/tr>\n<tr>\n<td>S<\/td>\n<td>62<\/td>\n<td>41<\/td>\n<\/tr>\n<tr>\n<td>M<\/td>\n<td>64<\/td>\n<td>44<\/td>\n<\/tr>\n<tr>\n<td>L<\/td>\n<td>66<\/td>\n<td>47<\/td>\n<\/tr>\n<tr>\n<td>XL<\/td>\n<td>68<\/td>\n<td>50<\/td>\n<\/tr>\n<tr>\n<td>2XL<\/td>\n<td>69<\/td>\n<td>54<\/td>\n<\/tr>\n<\/tbody>\n<\/table>\n","protected":false},"excerpt":{"rendered":"<p>\u2022 Luomupuuvillaa, lyhyet hihat. \u2022 Py\u00f6re\u00e4 p\u00e4\u00e4ntie, jossa 1\u00d71 resori. \u2022 Koristeelliset saumat helmassa ja hihoissa. \u2022 Irrotettava ECO-merkki. Materiaali: 100 % kammattua luomupuuvillaa, tavallinen neulos. Paino: 160 g\/m\u00b2. Valkoinen: 170 g \/ m\u00b2. Vigor\u00e9 harmaa v\u00e4ri: 85% luomupuuvillaa \/ 15% viskoosia. &nbsp; Koko \u00a0Pituus \u00a0Leveys S 62 41 M 64 44 L 66 47 [&hellip;]<\/p>\n","protected":false},"featured_media":482,"template":"","meta":[],"product_brand":[],"product_cat":[21],"product_tag":[],"class_list":{"0":"post-481","1":"product","2":"type-product","3":"status-publish","4":"has-post-thumbnail","6":"product_cat-kauppa","8":"first","9":"instock","10":"taxable","11":"shipping-taxable","12":"purchasable","13":"product-type-variable","14":"has-default-attributes"},"jetpack_sharing_enabled":true,"_links":{"self":[{"href":"https:\/\/slfcky.tarramesta.fi\/index.php\/wp-json\/wp\/v2\/product\/481","targetHints":{"allow":["GET"]}}],"collection":[{"href":"https:\/\/slfcky.tarramesta.fi\/index.php\/wp-json\/wp\/v2\/product"}],"about":[{"href":"https:\/\/slfcky.tarramesta.fi\/index.php\/wp-json\/wp\/v2\/types\/product"}],"wp:featuredmedia":[{"embeddable":true,"href":"https:\/\/slfcky.tarramesta.fi\/index.php\/wp-json\/wp\/v2\/media\/482"}],"wp:attachment":[{"href":"https:\/\/slfcky.tarramesta.fi\/index.php\/wp-json\/wp\/v2\/media?parent=481"}],"wp:term":[{"taxonomy":"product_brand","embeddable":true,"href":"https:\/\/slfcky.tarramesta.fi\/index.php\/wp-json\/wp\/v2\/product_brand?post=481"},{"taxonomy":"product_cat","embeddable":true,"href":"https:\/\/slfcky.tarramesta.fi\/index.php\/wp-json\/wp\/v2\/product_cat?post=481"},{"taxonomy":"product_tag","embeddable":true,"href":"https:\/\/slfcky.tarramesta.fi\/index.php\/wp-json\/wp\/v2\/product_tag?post=481"}],"curies":[{"name":"wp","href":"https:\/\/api.w.org\/{rel}","templated":true}]}}