{"id":423,"date":"2025-11-12T13:57:31","date_gmt":"2025-11-12T13:57:31","guid":{"rendered":"https:\/\/slfcky.tarramesta.fi\/?post_type=product&#038;p=423"},"modified":"2025-11-14T08:25:05","modified_gmt":"2025-11-14T08:25:05","slug":"luomupuuvilla-t-paita-golden","status":"publish","type":"product","link":"https:\/\/slfcky.tarramesta.fi\/index.php\/tuote\/luomupuuvilla-t-paita-golden\/","title":{"rendered":"Luomupuuvilla T-paita &#8211; Golden"},"content":{"rendered":"<p>\u2022 Luomupuuvillaa, lyhyet hihat.<br \/>\n\u2022 Py\u00f6re\u00e4 p\u00e4\u00e4ntie, jossa 1\u00d71 resori.<br \/>\n\u2022 Koristeelliset saumat helmassa ja hihoissa.<br \/>\n\u2022 Irrotettava ECO-merkki.<\/p>\n<p>Materiaali: 100 % kammattua luomupuuvillaa, tavallinen neulos.<br \/>\nPaino: 160 g\/m\u00b2. Valkoinen: 170 g \/ m\u00b2.<br \/>\nVigor\u00e9 harmaa v\u00e4ri: 85% luomupuuvillaa \/ 15% viskoosia.<\/p>\n<p>&nbsp;<\/p>\n<table id=\"size_chart\" class=\"table table-responsive\" width=\"203\" cellspacing=\"0\" cellpadding=\"0\">\n<tbody>\n<tr>\n<th>Koko<\/th>\n<th><img decoding=\"async\" src=\"https:\/\/wordans-a1a5.kxcdn.com\/images\/wordans2010\/length.png\" alt=\"Length\" \/>\u00a0<label id=\"lengthLabel\">Pituus<\/label><\/th>\n<th><img decoding=\"async\" src=\"https:\/\/wordans-a1a5.kxcdn.com\/images\/wordans2010\/width.png\" alt=\"Width\" \/>\u00a0<label id=\"widthLabel\">Leveys<\/label><\/th>\n<\/tr>\n<tr>\n<td>S<\/td>\n<td>69<\/td>\n<td>49<\/td>\n<\/tr>\n<tr>\n<td>M<\/td>\n<td>71<\/td>\n<td>52<\/td>\n<\/tr>\n<tr>\n<td>L<\/td>\n<td>73<\/td>\n<td>55<\/td>\n<\/tr>\n<tr>\n<td>XL<\/td>\n<td>75<\/td>\n<td>58<\/td>\n<\/tr>\n<tr>\n<td>2XL<\/td>\n<td>77<\/td>\n<td>62<\/td>\n<\/tr>\n<tr>\n<td>3XL<\/td>\n<td>79<\/td>\n<td>66<\/td>\n<\/tr>\n<\/tbody>\n<\/table>\n<p>&nbsp;<\/p>\n","protected":false},"excerpt":{"rendered":"<p>\u2022 Luomupuuvillaa, lyhyet hihat. \u2022 Py\u00f6re\u00e4 p\u00e4\u00e4ntie, jossa 1\u00d71 resori. \u2022 Koristeelliset saumat helmassa ja hihoissa. \u2022 Irrotettava ECO-merkki. Materiaali: 100 % kammattua luomupuuvillaa, tavallinen neulos. Paino: 160 g\/m\u00b2. Valkoinen: 170 g \/ m\u00b2. Vigor\u00e9 harmaa v\u00e4ri: 85% luomupuuvillaa \/ 15% viskoosia. &nbsp; Koko \u00a0Pituus \u00a0Leveys S 69 49 M 71 52 L 73 55 [&hellip;]<\/p>\n","protected":false},"featured_media":424,"template":"","meta":[],"product_brand":[],"product_cat":[21],"product_tag":[],"class_list":{"0":"post-423","1":"product","2":"type-product","3":"status-publish","4":"has-post-thumbnail","6":"product_cat-kauppa","8":"first","9":"instock","10":"taxable","11":"shipping-taxable","12":"purchasable","13":"product-type-variable","14":"has-default-attributes"},"jetpack_sharing_enabled":true,"_links":{"self":[{"href":"https:\/\/slfcky.tarramesta.fi\/index.php\/wp-json\/wp\/v2\/product\/423","targetHints":{"allow":["GET"]}}],"collection":[{"href":"https:\/\/slfcky.tarramesta.fi\/index.php\/wp-json\/wp\/v2\/product"}],"about":[{"href":"https:\/\/slfcky.tarramesta.fi\/index.php\/wp-json\/wp\/v2\/types\/product"}],"wp:featuredmedia":[{"embeddable":true,"href":"https:\/\/slfcky.tarramesta.fi\/index.php\/wp-json\/wp\/v2\/media\/424"}],"wp:attachment":[{"href":"https:\/\/slfcky.tarramesta.fi\/index.php\/wp-json\/wp\/v2\/media?parent=423"}],"wp:term":[{"taxonomy":"product_brand","embeddable":true,"href":"https:\/\/slfcky.tarramesta.fi\/index.php\/wp-json\/wp\/v2\/product_brand?post=423"},{"taxonomy":"product_cat","embeddable":true,"href":"https:\/\/slfcky.tarramesta.fi\/index.php\/wp-json\/wp\/v2\/product_cat?post=423"},{"taxonomy":"product_tag","embeddable":true,"href":"https:\/\/slfcky.tarramesta.fi\/index.php\/wp-json\/wp\/v2\/product_tag?post=423"}],"curies":[{"name":"wp","href":"https:\/\/api.w.org\/{rel}","templated":true}]}}