{"id":390,"date":"2025-11-12T13:26:02","date_gmt":"2025-11-12T13:26:02","guid":{"rendered":"https:\/\/slfcky.tarramesta.fi\/?post_type=product&#038;p=390"},"modified":"2025-11-13T08:42:41","modified_gmt":"2025-11-13T08:42:41","slug":"takki-california","status":"publish","type":"product","link":"https:\/\/slfcky.tarramesta.fi\/index.php\/tuote\/takki-california\/","title":{"rendered":"Takki California"},"content":{"rendered":"<p>Kevyesti topattu unisex-takki kahdessa v\u00e4riss\u00e4.<br \/>\nP\u00e4\u00e4ntie, hihansuut ja helma 1\u00d71 joustinneuletta kahdella vastakkaisella linjalla.<br \/>\nSivutaskut vetoketjulla. Vuorattu sis\u00e4puoli.<br \/>\nNepparit kontrastiv\u00e4risell\u00e4 muovipinnalla.<br \/>\nSis\u00e4\u00e4np\u00e4\u00e4sy vasemmassa rinnassa ja sel\u00e4ss\u00e4 uudelleenk\u00e4sittely\u00e4 varten.<\/p>\n<p><strong>Materiaali:<\/strong><br \/>\nUlkopuoli: 100 % polyesteri, tafti pehmuste: 100 % polyesteri<br \/>\nVuori: 100 % polyesteri 220 gsm<\/p>\n<p><img decoding=\"async\" class=\"mr-1 grey\" title=\"40\u00ba pesu max\" src=\"https:\/\/static.gorfactory.es\/images\/icons\/20221116171353_Lavar-40-max.png\" alt=\"40\u00ba pesu max\" width=\"40\" height=\"40\" data-v-6089ed0a=\"\" data-v-00b2e954=\"\" \/><img decoding=\"async\" class=\"mr-1 grey\" title=\"\u00c4l\u00e4 valkaise\" src=\"https:\/\/static.gorfactory.es\/images\/icons\/20220914110315_No%20usar%20blanqueador.png\" alt=\"\u00c4l\u00e4 valkaise\" width=\"40\" height=\"40\" data-v-6089ed0a=\"\" data-v-00b2e954=\"\" \/><img decoding=\"async\" class=\"mr-1 grey\" title=\"\u00c4l\u00e4 rumpukuivaa\" src=\"https:\/\/static.gorfactory.es\/images\/icons\/20220914110302_No%20secar%20en%20secadora.png\" alt=\"\u00c4l\u00e4 rumpukuivaa\" width=\"40\" height=\"40\" data-v-6089ed0a=\"\" data-v-00b2e954=\"\" \/><img loading=\"lazy\" decoding=\"async\" class=\"mr-1 grey\" title=\"Silitys keskil\u00e4mp\u00f6tilassa (max. 150\u00ba)\" src=\"https:\/\/static.gorfactory.es\/images\/icons\/20221110105823_Planchar-Max%20150.png\" alt=\"Silitys keskil\u00e4mp\u00f6tilassa (max. 150\u00ba)\" width=\"40\" height=\"40\" data-v-6089ed0a=\"\" data-v-00b2e954=\"\" \/><img loading=\"lazy\" decoding=\"async\" class=\"mr-1 grey\" title=\"\u00c4l\u00e4 kuivapesua\" src=\"https:\/\/static.gorfactory.es\/images\/icons\/20220914110151_No%20lavar%20en%20seco.png\" alt=\"\u00c4l\u00e4 kuivapesua\" width=\"40\" height=\"40\" data-v-6089ed0a=\"\" data-v-00b2e954=\"\" \/><\/p>\n","protected":false},"excerpt":{"rendered":"<p>Kevyesti topattu unisex-takki kahdessa v\u00e4riss\u00e4. P\u00e4\u00e4ntie, hihansuut ja helma 1\u00d71 joustinneuletta kahdella vastakkaisella linjalla. Sivutaskut vetoketjulla. Vuorattu sis\u00e4puoli. Nepparit kontrastiv\u00e4risell\u00e4 muovipinnalla. Sis\u00e4\u00e4np\u00e4\u00e4sy vasemmassa rinnassa ja sel\u00e4ss\u00e4 uudelleenk\u00e4sittely\u00e4 varten. Materiaali: Ulkopuoli: 100 % polyesteri, tafti pehmuste: 100 % polyesteri Vuori: 100 % polyesteri 220 gsm<\/p>\n","protected":false},"featured_media":391,"template":"","meta":[],"product_brand":[],"product_cat":[21],"product_tag":[],"class_list":{"0":"post-390","1":"product","2":"type-product","3":"status-publish","4":"has-post-thumbnail","6":"product_cat-kauppa","8":"first","9":"instock","10":"taxable","11":"shipping-taxable","12":"purchasable","13":"product-type-variable","14":"has-default-attributes"},"jetpack_sharing_enabled":true,"_links":{"self":[{"href":"https:\/\/slfcky.tarramesta.fi\/index.php\/wp-json\/wp\/v2\/product\/390","targetHints":{"allow":["GET"]}}],"collection":[{"href":"https:\/\/slfcky.tarramesta.fi\/index.php\/wp-json\/wp\/v2\/product"}],"about":[{"href":"https:\/\/slfcky.tarramesta.fi\/index.php\/wp-json\/wp\/v2\/types\/product"}],"wp:featuredmedia":[{"embeddable":true,"href":"https:\/\/slfcky.tarramesta.fi\/index.php\/wp-json\/wp\/v2\/media\/391"}],"wp:attachment":[{"href":"https:\/\/slfcky.tarramesta.fi\/index.php\/wp-json\/wp\/v2\/media?parent=390"}],"wp:term":[{"taxonomy":"product_brand","embeddable":true,"href":"https:\/\/slfcky.tarramesta.fi\/index.php\/wp-json\/wp\/v2\/product_brand?post=390"},{"taxonomy":"product_cat","embeddable":true,"href":"https:\/\/slfcky.tarramesta.fi\/index.php\/wp-json\/wp\/v2\/product_cat?post=390"},{"taxonomy":"product_tag","embeddable":true,"href":"https:\/\/slfcky.tarramesta.fi\/index.php\/wp-json\/wp\/v2\/product_tag?post=390"}],"curies":[{"name":"wp","href":"https:\/\/api.w.org\/{rel}","templated":true}]}}