{"id":386,"date":"2025-11-12T13:15:41","date_gmt":"2025-11-12T13:15:41","guid":{"rendered":"https:\/\/slfcky.tarramesta.fi\/?post_type=product&#038;p=386"},"modified":"2025-11-12T13:17:39","modified_gmt":"2025-11-12T13:17:39","slug":"huurretuoppi-adaya","status":"publish","type":"product","link":"https:\/\/slfcky.tarramesta.fi\/index.php\/tuote\/huurretuoppi-adaya\/","title":{"rendered":"Huurretuoppi Adaya"},"content":{"rendered":"<p>Huurrelasista johtuen logo on painettuna kuin, se olisi lasin sis\u00e4ll\u00e4 huurteen alla.<\/p>\n<p>Huurrettu borosilikaattilasituoppi.<br \/>\nTilavuus 500 ml.<\/p>\n<p>Ei suositella pest\u00e4v\u00e4ksi astianpesukoneessa.<\/p>\n<p>Mitat: 15,1 cm\/8,1\u00d8<\/p>\n<p><strong>Materiaali:<\/strong>\u00a0Borosilikaattilasi.<\/p>\n","protected":false},"excerpt":{"rendered":"<p>Huurrelasista johtuen logo on painettuna kuin, se olisi lasin sis\u00e4ll\u00e4 huurteen alla. Huurrettu borosilikaattilasituoppi. Tilavuus 500 ml. Ei suositella pest\u00e4v\u00e4ksi astianpesukoneessa. Mitat: 15,1 cm\/8,1\u00d8 Materiaali:\u00a0Borosilikaattilasi.<\/p>\n","protected":false},"featured_media":387,"template":"","meta":[],"product_brand":[],"product_cat":[21],"product_tag":[],"class_list":{"0":"post-386","1":"product","2":"type-product","3":"status-publish","4":"has-post-thumbnail","6":"product_cat-kauppa","8":"first","9":"instock","10":"taxable","11":"shipping-taxable","12":"purchasable","13":"product-type-variable","14":"has-default-attributes"},"jetpack_sharing_enabled":true,"_links":{"self":[{"href":"https:\/\/slfcky.tarramesta.fi\/index.php\/wp-json\/wp\/v2\/product\/386","targetHints":{"allow":["GET"]}}],"collection":[{"href":"https:\/\/slfcky.tarramesta.fi\/index.php\/wp-json\/wp\/v2\/product"}],"about":[{"href":"https:\/\/slfcky.tarramesta.fi\/index.php\/wp-json\/wp\/v2\/types\/product"}],"wp:featuredmedia":[{"embeddable":true,"href":"https:\/\/slfcky.tarramesta.fi\/index.php\/wp-json\/wp\/v2\/media\/387"}],"wp:attachment":[{"href":"https:\/\/slfcky.tarramesta.fi\/index.php\/wp-json\/wp\/v2\/media?parent=386"}],"wp:term":[{"taxonomy":"product_brand","embeddable":true,"href":"https:\/\/slfcky.tarramesta.fi\/index.php\/wp-json\/wp\/v2\/product_brand?post=386"},{"taxonomy":"product_cat","embeddable":true,"href":"https:\/\/slfcky.tarramesta.fi\/index.php\/wp-json\/wp\/v2\/product_cat?post=386"},{"taxonomy":"product_tag","embeddable":true,"href":"https:\/\/slfcky.tarramesta.fi\/index.php\/wp-json\/wp\/v2\/product_tag?post=386"}],"curies":[{"name":"wp","href":"https:\/\/api.w.org\/{rel}","templated":true}]}}