{"id":328,"date":"2025-11-12T12:45:13","date_gmt":"2025-11-12T12:45:13","guid":{"rendered":"https:\/\/slfcky.tarramesta.fi\/?post_type=product&#038;p=328"},"modified":"2025-11-14T08:29:35","modified_gmt":"2025-11-14T08:29:35","slug":"tekninen-t-paita-tamil","status":"publish","type":"product","link":"https:\/\/slfcky.tarramesta.fi\/index.php\/tuote\/tekninen-t-paita-tamil\/","title":{"rendered":"Tekninen t-paita Tamil"},"content":{"rendered":"<p>Miesten tekninen lyhythihainen pikeepaita antibakteerista kierr\u00e4tetty\u00e4 polyesteri\u00e4.<br \/>\n1\u00d71 resorikaulus ja yksityiskohta hihoissa.<br \/>\nKauluksessa vahvistetut peitetyt saumat.<br \/>\nLukko, jossa 2 piilonappia.<br \/>\nKontrastiset yksityiskohdat ja olkap\u00e4\u00e4t.<br \/>\nSivuhalkiot helmassa.<\/p>\n<p class=\"composition-text\" data-v-00b2e954=\"\">Materiaali:<br \/>\n50 % kierr\u00e4tetty\u00e4 polyesteri\u00e4 \/ 50 % antibakteerista polyesteri\u00e4.<br \/>\nV\u00e4ri: 140 gsm. 0102 v\u00e4ri: 150 gsm.<\/p>\n<p class=\"observation-text\" data-v-00b2e954=\"\">* Kierr\u00e4tetty kangas.<br \/>\n* Antibakteerinen kangas.<br \/>\n* Irrotettava etiketti.<\/p>\n<p data-v-00b2e954=\"\"><img decoding=\"async\" class=\"mr-1 grey\" title=\"30\u00ba pesu max.\" src=\"https:\/\/static.gorfactory.es\/images\/icons\/20220914110209_Lavar%20a%2030%C2%BA%20m%C3%A1ximo.png\" alt=\"30\u00ba pesu max.\" width=\"40\" height=\"40\" data-v-6089ed0a=\"\" data-v-00b2e954=\"\" \/><img decoding=\"async\" class=\"mr-1 grey\" title=\"\u00c4l\u00e4 valkaise\" src=\"https:\/\/static.gorfactory.es\/images\/icons\/20220914110315_No%20usar%20blanqueador.png\" alt=\"\u00c4l\u00e4 valkaise\" width=\"40\" height=\"40\" data-v-6089ed0a=\"\" data-v-00b2e954=\"\" \/><img decoding=\"async\" class=\"mr-1 grey\" title=\"\u00c4l\u00e4 rumpukuivaa\" src=\"https:\/\/static.gorfactory.es\/images\/icons\/20220914110302_No%20secar%20en%20secadora.png\" alt=\"\u00c4l\u00e4 rumpukuivaa\" width=\"40\" height=\"40\" data-v-6089ed0a=\"\" data-v-00b2e954=\"\" \/><img loading=\"lazy\" decoding=\"async\" class=\"mr-1 grey\" title=\"Silitys alhaisessa l\u00e4mp\u00f6tilassa (max. 110\u00ba)\" src=\"https:\/\/static.gorfactory.es\/images\/icons\/20221117085113_Planchar-110.png\" alt=\"Silitys alhaisessa l\u00e4mp\u00f6tilassa (max. 110\u00ba)\" width=\"40\" height=\"40\" data-v-6089ed0a=\"\" data-v-00b2e954=\"\" \/><img loading=\"lazy\" decoding=\"async\" class=\"mr-1 grey\" title=\"\u00c4l\u00e4 kuivapesua\" src=\"https:\/\/static.gorfactory.es\/images\/icons\/20220914110151_No%20lavar%20en%20seco.png\" alt=\"\u00c4l\u00e4 kuivapesua\" width=\"40\" height=\"40\" data-v-6089ed0a=\"\" data-v-00b2e954=\"\" \/><\/p>\n<table id=\"size_chart\" class=\"table table-responsive\" width=\"203\" cellspacing=\"0\" cellpadding=\"0\">\n<tbody>\n<tr>\n<th>Koko<\/th>\n<th><img decoding=\"async\" src=\"https:\/\/wordans-a1a5.kxcdn.com\/images\/wordans2010\/length.png\" alt=\"Length\" \/>\u00a0<label id=\"lengthLabel\">Pituus<\/label><\/th>\n<th><img decoding=\"async\" src=\"https:\/\/wordans-a1a5.kxcdn.com\/images\/wordans2010\/width.png\" alt=\"Width\" \/>\u00a0<label id=\"widthLabel\">Leveys<\/label><\/th>\n<\/tr>\n<tr>\n<td>S<\/td>\n<td>69<\/td>\n<td>49<\/td>\n<\/tr>\n<tr>\n<td>M<\/td>\n<td>71<\/td>\n<td>52<\/td>\n<\/tr>\n<tr>\n<td>L<\/td>\n<td>73<\/td>\n<td>55<\/td>\n<\/tr>\n<tr>\n<td>XL<\/td>\n<td>75<\/td>\n<td>58<\/td>\n<\/tr>\n<tr>\n<td>XXL<\/td>\n<td>77<\/td>\n<td>62<\/td>\n<\/tr>\n<tr>\n<td>3XL<\/td>\n<td>79<\/td>\n<td>66<\/td>\n<\/tr>\n<\/tbody>\n<\/table>\n","protected":false},"excerpt":{"rendered":"<p>Miesten tekninen lyhythihainen pikeepaita antibakteerista kierr\u00e4tetty\u00e4 polyesteri\u00e4. 1\u00d71 resorikaulus ja yksityiskohta hihoissa. Kauluksessa vahvistetut peitetyt saumat. Lukko, jossa 2 piilonappia. Kontrastiset yksityiskohdat ja olkap\u00e4\u00e4t. Sivuhalkiot helmassa. Materiaali: 50 % kierr\u00e4tetty\u00e4 polyesteri\u00e4 \/ 50 % antibakteerista polyesteri\u00e4. V\u00e4ri: 140 gsm. 0102 v\u00e4ri: 150 gsm. * Kierr\u00e4tetty kangas. * Antibakteerinen kangas. * Irrotettava etiketti. Koko \u00a0Pituus \u00a0Leveys [&hellip;]<\/p>\n","protected":false},"featured_media":335,"template":"","meta":[],"product_brand":[],"product_cat":[21],"product_tag":[],"class_list":{"0":"post-328","1":"product","2":"type-product","3":"status-publish","4":"has-post-thumbnail","6":"product_cat-kauppa","8":"first","9":"instock","10":"taxable","11":"shipping-taxable","12":"purchasable","13":"product-type-variable","14":"has-default-attributes"},"jetpack_sharing_enabled":true,"_links":{"self":[{"href":"https:\/\/slfcky.tarramesta.fi\/index.php\/wp-json\/wp\/v2\/product\/328","targetHints":{"allow":["GET"]}}],"collection":[{"href":"https:\/\/slfcky.tarramesta.fi\/index.php\/wp-json\/wp\/v2\/product"}],"about":[{"href":"https:\/\/slfcky.tarramesta.fi\/index.php\/wp-json\/wp\/v2\/types\/product"}],"wp:featuredmedia":[{"embeddable":true,"href":"https:\/\/slfcky.tarramesta.fi\/index.php\/wp-json\/wp\/v2\/media\/335"}],"wp:attachment":[{"href":"https:\/\/slfcky.tarramesta.fi\/index.php\/wp-json\/wp\/v2\/media?parent=328"}],"wp:term":[{"taxonomy":"product_brand","embeddable":true,"href":"https:\/\/slfcky.tarramesta.fi\/index.php\/wp-json\/wp\/v2\/product_brand?post=328"},{"taxonomy":"product_cat","embeddable":true,"href":"https:\/\/slfcky.tarramesta.fi\/index.php\/wp-json\/wp\/v2\/product_cat?post=328"},{"taxonomy":"product_tag","embeddable":true,"href":"https:\/\/slfcky.tarramesta.fi\/index.php\/wp-json\/wp\/v2\/product_tag?post=328"}],"curies":[{"name":"wp","href":"https:\/\/api.w.org\/{rel}","templated":true}]}}