{"id":299,"date":"2025-11-12T12:33:31","date_gmt":"2025-11-12T12:33:31","guid":{"rendered":"https:\/\/slfcky.tarramesta.fi\/?post_type=product&#038;p=299"},"modified":"2025-11-14T08:30:56","modified_gmt":"2025-11-14T08:30:56","slug":"pitkahihainen-t-paita-pointer","status":"publish","type":"product","link":"https:\/\/slfcky.tarramesta.fi\/index.php\/tuote\/pitkahihainen-t-paita-pointer\/","title":{"rendered":"Pitk\u00e4hihainen t-paita Pointer"},"content":{"rendered":"<p>Pitk\u00e4hihainen t-paita putkimaisesta kankaasta, jossa 4-kerroksinen py\u00f6re\u00e4 p\u00e4\u00e4ntie ja 1\u00d71 resorihihansuut.<br \/>\nVahvistetut peitetyt saumat kauluksessa ja olkap\u00e4iss\u00e4.<\/p>\n<p><strong>Materiaali:<\/strong><br \/>\n100% puuvilla, single jersey, 165 gsm.<br \/>\nHeather grey 58: 85% puuvillaa \/ 15% viskoosia.<br \/>\n*4XL saatavana laivaston v\u00e4risen\u00e4 55.<\/p>\n<div class=\"ml-auto d-flex align-items-center\" data-v-5ec54137=\"\">\n<div data-v-5ec54137=\"\"><img decoding=\"async\" class=\"mr-1 grey\" title=\"Iron at low temperature (Max. 110\u00ba)\" src=\"https:\/\/static.gorfactory.es\/images\/icons\/20221117085113_Planchar-110.png\" alt=\"Iron at low temperature (Max. 110\u00ba)\" width=\"40\" height=\"40\" data-v-6089ed0a=\"\" data-v-8e628e4a=\"\" \/><img decoding=\"async\" class=\"mr-1 grey\" title=\"Do not dry clean\" src=\"https:\/\/static.gorfactory.es\/images\/icons\/20220914110151_No%20lavar%20en%20seco.png\" alt=\"Do not dry clean\" width=\"40\" height=\"40\" data-v-6089ed0a=\"\" data-v-8e628e4a=\"\" \/><img decoding=\"async\" class=\"mr-1 grey\" title=\"Do not tumble dry\" src=\"https:\/\/static.gorfactory.es\/images\/icons\/20220914110302_No%20secar%20en%20secadora.png\" alt=\"Do not tumble dry\" width=\"40\" height=\"40\" data-v-6089ed0a=\"\" data-v-8e628e4a=\"\" \/><img loading=\"lazy\" decoding=\"async\" class=\"mr-1 grey\" title=\"30\u00ba wash max.\" src=\"https:\/\/static.gorfactory.es\/images\/icons\/20220914110209_Lavar%20a%2030%C2%BA%20m%C3%A1ximo.png\" alt=\"30\u00ba wash max.\" width=\"40\" height=\"40\" data-v-6089ed0a=\"\" data-v-8e628e4a=\"\" \/><img loading=\"lazy\" decoding=\"async\" class=\"mr-1 grey\" title=\"Do not bleach\" src=\"https:\/\/static.gorfactory.es\/images\/icons\/20220914110315_No%20usar%20blanqueador.png\" alt=\"Do not bleach\" width=\"40\" height=\"40\" data-v-6089ed0a=\"\" data-v-8e628e4a=\"\" \/><\/div>\n<\/div>\n<div data-v-5ec54137=\"\"><\/div>\n<div data-v-5ec54137=\"\"><strong>Mittausohjeet:<\/strong><br \/>\n<strong>Leveys: Tuotteen reunasta reunaan 2cm hihojen alapuolelta.<\/strong><br \/>\n<strong>Pituus: Olkap\u00e4\u00e4n korkeimmasta kohdasta tuotteen\u00a0alareunaan.<\/strong><\/div>\n<div data-v-5ec54137=\"\"><\/div>\n<table id=\"size_chart\" class=\"table table-responsive\" width=\"203\" cellspacing=\"0\" cellpadding=\"0\">\n<tbody>\n<tr>\n<th>Koko<\/th>\n<th><img decoding=\"async\" src=\"https:\/\/wordans-a1a5.kxcdn.com\/images\/wordans2010\/length.png\" alt=\"Length\" \/>\u00a0<label id=\"lengthLabel\">Pituus<\/label><\/th>\n<th><img decoding=\"async\" src=\"https:\/\/wordans-a1a5.kxcdn.com\/images\/wordans2010\/width.png\" alt=\"Width\" \/>\u00a0<label id=\"widthLabel\">Leveys<\/label><\/th>\n<\/tr>\n<tr>\n<td>XS<\/td>\n<td>66<\/td>\n<td>46<\/td>\n<\/tr>\n<tr>\n<td>S<\/td>\n<td>70<\/td>\n<td>48<\/td>\n<\/tr>\n<tr>\n<td>M<\/td>\n<td>72<\/td>\n<td>50<\/td>\n<\/tr>\n<tr>\n<td>L<\/td>\n<td>74<\/td>\n<td>54<\/td>\n<\/tr>\n<tr>\n<td>XL<\/td>\n<td>76<\/td>\n<td>58<\/td>\n<\/tr>\n<tr>\n<td>2XL<\/td>\n<td>78<\/td>\n<td>62<\/td>\n<\/tr>\n<tr>\n<td>3XL<\/td>\n<td>80<\/td>\n<td>66<\/td>\n<\/tr>\n<\/tbody>\n<\/table>\n","protected":false},"excerpt":{"rendered":"<p>Pitk\u00e4hihainen t-paita putkimaisesta kankaasta, jossa 4-kerroksinen py\u00f6re\u00e4 p\u00e4\u00e4ntie ja 1\u00d71 resorihihansuut. Vahvistetut peitetyt saumat kauluksessa ja olkap\u00e4iss\u00e4. Materiaali: 100% puuvilla, single jersey, 165 gsm. Heather grey 58: 85% puuvillaa \/ 15% viskoosia. *4XL saatavana laivaston v\u00e4risen\u00e4 55. Mittausohjeet: Leveys: Tuotteen reunasta reunaan 2cm hihojen alapuolelta. Pituus: Olkap\u00e4\u00e4n korkeimmasta kohdasta tuotteen\u00a0alareunaan. Koko \u00a0Pituus \u00a0Leveys XS 66 [&hellip;]<\/p>\n","protected":false},"featured_media":305,"template":"","meta":[],"product_brand":[],"product_cat":[21],"product_tag":[],"class_list":{"0":"post-299","1":"product","2":"type-product","3":"status-publish","4":"has-post-thumbnail","6":"product_cat-kauppa","8":"first","9":"instock","10":"taxable","11":"shipping-taxable","12":"purchasable","13":"product-type-variable","14":"has-default-attributes"},"jetpack_sharing_enabled":true,"_links":{"self":[{"href":"https:\/\/slfcky.tarramesta.fi\/index.php\/wp-json\/wp\/v2\/product\/299","targetHints":{"allow":["GET"]}}],"collection":[{"href":"https:\/\/slfcky.tarramesta.fi\/index.php\/wp-json\/wp\/v2\/product"}],"about":[{"href":"https:\/\/slfcky.tarramesta.fi\/index.php\/wp-json\/wp\/v2\/types\/product"}],"wp:featuredmedia":[{"embeddable":true,"href":"https:\/\/slfcky.tarramesta.fi\/index.php\/wp-json\/wp\/v2\/media\/305"}],"wp:attachment":[{"href":"https:\/\/slfcky.tarramesta.fi\/index.php\/wp-json\/wp\/v2\/media?parent=299"}],"wp:term":[{"taxonomy":"product_brand","embeddable":true,"href":"https:\/\/slfcky.tarramesta.fi\/index.php\/wp-json\/wp\/v2\/product_brand?post=299"},{"taxonomy":"product_cat","embeddable":true,"href":"https:\/\/slfcky.tarramesta.fi\/index.php\/wp-json\/wp\/v2\/product_cat?post=299"},{"taxonomy":"product_tag","embeddable":true,"href":"https:\/\/slfcky.tarramesta.fi\/index.php\/wp-json\/wp\/v2\/product_tag?post=299"}],"curies":[{"name":"wp","href":"https:\/\/api.w.org\/{rel}","templated":true}]}}