{"id":252,"date":"2025-11-12T11:57:12","date_gmt":"2025-11-12T11:57:12","guid":{"rendered":"https:\/\/slfcky.tarramesta.fi\/?post_type=product&#038;p=252"},"modified":"2025-11-12T11:57:37","modified_gmt":"2025-11-12T11:57:37","slug":"pitkahihainen-pikeepaita-estrella-woman","status":"publish","type":"product","link":"https:\/\/slfcky.tarramesta.fi\/index.php\/tuote\/pitkahihainen-pikeepaita-estrella-woman\/","title":{"rendered":"Pitk\u00e4hihainen pikeepaita Estrella Woman"},"content":{"rendered":"<p>Pitk\u00e4hihainen poolopaita, jossa resorikaulus ja hihansuut,<br \/>\n3-napin nappi ja elastaani 1\u00d71 resorihihansuut.<br \/>\nKauluksessa vahvistetut peitetyt saumat.<br \/>\nSlim-fit.<\/p>\n<p class=\"composition-text\" data-v-00b2e954=\"\"><strong>Materiaali:<\/strong><br \/>\n100 % puuvillaa. Piqu\u00e9, 220 gsm.<br \/>\nHeather grey 58: 85% puuvillaa \/ 15% viskoosia.<\/p>\n<p class=\"observation-text\" data-v-00b2e954=\"\">* Irrotettava etiketti.<br \/>\n* Duo-konsepti.<\/p>\n<p><img decoding=\"async\" class=\"mr-1 grey\" title=\"40\u00ba pesu max\" src=\"https:\/\/static.gorfactory.es\/images\/icons\/20221116171353_Lavar-40-max.png\" alt=\"40\u00ba pesu max\" width=\"40\" height=\"40\" data-v-6089ed0a=\"\" data-v-00b2e954=\"\" \/><img decoding=\"async\" class=\"mr-1 grey\" title=\"\u00c4l\u00e4 valkaise\" src=\"https:\/\/static.gorfactory.es\/images\/icons\/20220914110315_No%20usar%20blanqueador.png\" alt=\"\u00c4l\u00e4 valkaise\" width=\"40\" height=\"40\" data-v-6089ed0a=\"\" data-v-00b2e954=\"\" \/><img decoding=\"async\" class=\"mr-1 grey\" title=\"\u00c4l\u00e4 rumpukuivaa\" src=\"https:\/\/static.gorfactory.es\/images\/icons\/20220914110302_No%20secar%20en%20secadora.png\" alt=\"\u00c4l\u00e4 rumpukuivaa\" width=\"40\" height=\"40\" data-v-6089ed0a=\"\" data-v-00b2e954=\"\" \/><img loading=\"lazy\" decoding=\"async\" class=\"mr-1 grey\" title=\"Silitys keskil\u00e4mp\u00f6tilassa (max. 150\u00ba)\" src=\"https:\/\/static.gorfactory.es\/images\/icons\/20221110105823_Planchar-Max%20150.png\" alt=\"Silitys keskil\u00e4mp\u00f6tilassa (max. 150\u00ba)\" width=\"40\" height=\"40\" data-v-6089ed0a=\"\" data-v-00b2e954=\"\" \/><img loading=\"lazy\" decoding=\"async\" class=\"mr-1 grey\" title=\"\u00c4l\u00e4 kuivapesua\" src=\"https:\/\/static.gorfactory.es\/images\/icons\/20220914110151_No%20lavar%20en%20seco.png\" alt=\"\u00c4l\u00e4 kuivapesua\" width=\"40\" height=\"40\" data-v-6089ed0a=\"\" data-v-00b2e954=\"\" \/><\/p>\n<p><strong>Mittausohjeet:<\/strong><br \/>\n<strong>Leveys: Tuotteen reunasta reunaan 2cm hihojen alapuolelta.<\/strong><br \/>\n<strong>Pituus: Olkap\u00e4\u00e4n korkeimmasta kohdasta tuotteen\u00a0alareunaan.<\/strong><\/p>\n<table id=\"size_chart\" class=\"table table-responsive\" width=\"203\" cellspacing=\"0\" cellpadding=\"0\">\n<tbody>\n<tr>\n<th>Koko<\/th>\n<th><img decoding=\"async\" src=\"https:\/\/wordans-a1a5.kxcdn.com\/images\/wordans2010\/length.png\" alt=\"Length\" \/>\u00a0<label id=\"lengthLabel\">Pituus<\/label><\/th>\n<th><img decoding=\"async\" src=\"https:\/\/wordans-a1a5.kxcdn.com\/images\/wordans2010\/width.png\" alt=\"Width\" \/>\u00a0<label id=\"widthLabel\">Leveys<\/label><\/th>\n<\/tr>\n<tr>\n<td>S<\/td>\n<td>61<\/td>\n<td>41<\/td>\n<\/tr>\n<tr>\n<td>M<\/td>\n<td>63<\/td>\n<td>44<\/td>\n<\/tr>\n<tr>\n<td>L<\/td>\n<td>65<\/td>\n<td>47<\/td>\n<\/tr>\n<tr>\n<td>XL<\/td>\n<td>67<\/td>\n<td>50<\/td>\n<\/tr>\n<tr>\n<td>2XL<\/td>\n<td>68<\/td>\n<td>54<\/td>\n<\/tr>\n<tr>\n<td>3XL<\/td>\n<td>69<\/td>\n<td>57<\/td>\n<\/tr>\n<\/tbody>\n<\/table>\n","protected":false},"excerpt":{"rendered":"<p>Pitk\u00e4hihainen poolopaita, jossa resorikaulus ja hihansuut, 3-napin nappi ja elastaani 1\u00d71 resorihihansuut. Kauluksessa vahvistetut peitetyt saumat. Slim-fit. Materiaali: 100 % puuvillaa. Piqu\u00e9, 220 gsm. Heather grey 58: 85% puuvillaa \/ 15% viskoosia. * Irrotettava etiketti. * Duo-konsepti. Mittausohjeet: Leveys: Tuotteen reunasta reunaan 2cm hihojen alapuolelta. Pituus: Olkap\u00e4\u00e4n korkeimmasta kohdasta tuotteen\u00a0alareunaan. Koko \u00a0Pituus \u00a0Leveys S 61 [&hellip;]<\/p>\n","protected":false},"featured_media":254,"template":"","meta":[],"product_brand":[],"product_cat":[21],"product_tag":[],"class_list":{"0":"post-252","1":"product","2":"type-product","3":"status-publish","4":"has-post-thumbnail","6":"product_cat-kauppa","8":"first","9":"instock","10":"taxable","11":"shipping-taxable","12":"purchasable","13":"product-type-variable","14":"has-default-attributes"},"jetpack_sharing_enabled":true,"_links":{"self":[{"href":"https:\/\/slfcky.tarramesta.fi\/index.php\/wp-json\/wp\/v2\/product\/252","targetHints":{"allow":["GET"]}}],"collection":[{"href":"https:\/\/slfcky.tarramesta.fi\/index.php\/wp-json\/wp\/v2\/product"}],"about":[{"href":"https:\/\/slfcky.tarramesta.fi\/index.php\/wp-json\/wp\/v2\/types\/product"}],"wp:featuredmedia":[{"embeddable":true,"href":"https:\/\/slfcky.tarramesta.fi\/index.php\/wp-json\/wp\/v2\/media\/254"}],"wp:attachment":[{"href":"https:\/\/slfcky.tarramesta.fi\/index.php\/wp-json\/wp\/v2\/media?parent=252"}],"wp:term":[{"taxonomy":"product_brand","embeddable":true,"href":"https:\/\/slfcky.tarramesta.fi\/index.php\/wp-json\/wp\/v2\/product_brand?post=252"},{"taxonomy":"product_cat","embeddable":true,"href":"https:\/\/slfcky.tarramesta.fi\/index.php\/wp-json\/wp\/v2\/product_cat?post=252"},{"taxonomy":"product_tag","embeddable":true,"href":"https:\/\/slfcky.tarramesta.fi\/index.php\/wp-json\/wp\/v2\/product_tag?post=252"}],"curies":[{"name":"wp","href":"https:\/\/api.w.org\/{rel}","templated":true}]}}