{"id":236,"date":"2025-11-12T11:46:57","date_gmt":"2025-11-12T11:46:57","guid":{"rendered":"https:\/\/slfcky.tarramesta.fi\/?post_type=product&#038;p=236"},"modified":"2025-11-12T11:47:21","modified_gmt":"2025-11-12T11:47:21","slug":"huppari-montblanc","status":"publish","type":"product","link":"https:\/\/slfcky.tarramesta.fi\/index.php\/tuote\/huppari-montblanc\/","title":{"rendered":"Huppari Montblanc"},"content":{"rendered":"<p>Hupullinen collagetakki korkealla kaula-aukolla ja t\u00e4ysvetoketjulla. Uurrettu yksityiskohta hupussa ja taskussa. Kengurutyylinen tasku. 2&#215;2 resori hihansuissa ja vy\u00f6t\u00e4r\u00f6ll\u00e4.<br \/>\nresorihihansuut. Kauluksessa vahvistetut peitetyt saumat.<\/p>\n<p><strong>Materiaali:<\/strong><br \/>\n50% puuvillaa \/ 50% polyesteri\u00e4, harjattu fleece, 280 gsm. 3% elastaania hihansuissa.<br \/>\nHeather grey 58: 55% puuvillaa \/ 40% polyesteri\u00e4 \/ 5% viskoosia.<\/p>\n<p>* Irrotettava etiketti.<\/p>\n<div class=\"ml-auto d-flex align-items-center\" data-v-5ec54137=\"\">\n<div data-v-5ec54137=\"\"><\/div>\n<\/div>\n<div data-v-5ec54137=\"\"><img decoding=\"async\" class=\"mr-1 grey\" title=\"Do not bleach\" src=\"https:\/\/static.gorfactory.es\/images\/icons\/20220914110315_No%20usar%20blanqueador.png\" alt=\"Do not bleach\" width=\"40\" height=\"40\" data-v-6089ed0a=\"\" data-v-636bb056=\"\" \/><img decoding=\"async\" class=\"mr-1 grey\" title=\"Iron at medium temperature (Max. 150\u00ba)\" src=\"https:\/\/static.gorfactory.es\/images\/icons\/20221110105823_Planchar-Max%20150.png\" alt=\"Iron at medium temperature (Max. 150\u00ba)\" width=\"40\" height=\"40\" data-v-6089ed0a=\"\" data-v-636bb056=\"\" \/><img decoding=\"async\" class=\"mr-1 grey\" title=\"Do not dry clean\" src=\"https:\/\/static.gorfactory.es\/images\/icons\/20220914110151_No%20lavar%20en%20seco.png\" alt=\"Do not dry clean\" width=\"40\" height=\"40\" data-v-6089ed0a=\"\" data-v-636bb056=\"\" \/><img loading=\"lazy\" decoding=\"async\" class=\"mr-1 grey\" title=\"Do not tumble dry\" src=\"https:\/\/static.gorfactory.es\/images\/icons\/20220914110302_No%20secar%20en%20secadora.png\" alt=\"Do not tumble dry\" width=\"40\" height=\"40\" data-v-6089ed0a=\"\" data-v-636bb056=\"\" \/><img loading=\"lazy\" decoding=\"async\" class=\"mr-1 grey\" title=\"40\u00ba wash max\" src=\"https:\/\/static.gorfactory.es\/images\/icons\/20221116171353_Lavar-40-max.png\" alt=\"40\u00ba wash max\" width=\"40\" height=\"40\" data-v-6089ed0a=\"\" data-v-636bb056=\"\" \/><\/div>\n<div data-v-5ec54137=\"\"><\/div>\n<div data-v-5ec54137=\"\"><\/div>\n<table id=\"size_chart\" class=\"table table-responsive\" style=\"height: 265px;\" width=\"203\" cellspacing=\"0\" cellpadding=\"0\">\n<tbody>\n<tr>\n<th>Koko<\/th>\n<th><img decoding=\"async\" src=\"https:\/\/wordans-a1a5.kxcdn.com\/images\/wordans2010\/length.png\" alt=\"Length\" \/>\u00a0<label id=\"lengthLabel\">Pituus<\/label><\/th>\n<th><img decoding=\"async\" src=\"https:\/\/wordans-a1a5.kxcdn.com\/images\/wordans2010\/width.png\" alt=\"Width\" \/>\u00a0<label id=\"widthLabel\">Leveys<\/label><\/th>\n<\/tr>\n<tr>\n<td>S<\/td>\n<td>64<\/td>\n<td>54<\/td>\n<\/tr>\n<tr>\n<td>M<\/td>\n<td>67<\/td>\n<td>57<\/td>\n<\/tr>\n<tr>\n<td>L<\/td>\n<td>70<\/td>\n<td>60<\/td>\n<\/tr>\n<tr>\n<td>XL<\/td>\n<td>73<\/td>\n<td>63<\/td>\n<\/tr>\n<tr>\n<td>2XL<\/td>\n<td>76<\/td>\n<td>66<\/td>\n<\/tr>\n<tr>\n<td>3XL<\/td>\n<td>79<\/td>\n<td>70<\/td>\n<\/tr>\n<\/tbody>\n<\/table>\n","protected":false},"excerpt":{"rendered":"<p>Hupullinen collagetakki korkealla kaula-aukolla ja t\u00e4ysvetoketjulla. Uurrettu yksityiskohta hupussa ja taskussa. Kengurutyylinen tasku. 2&#215;2 resori hihansuissa ja vy\u00f6t\u00e4r\u00f6ll\u00e4. resorihihansuut. Kauluksessa vahvistetut peitetyt saumat. Materiaali: 50% puuvillaa \/ 50% polyesteri\u00e4, harjattu fleece, 280 gsm. 3% elastaania hihansuissa. Heather grey 58: 55% puuvillaa \/ 40% polyesteri\u00e4 \/ 5% viskoosia. * Irrotettava etiketti. Koko \u00a0Pituus \u00a0Leveys S 64 [&hellip;]<\/p>\n","protected":false},"featured_media":237,"template":"","meta":[],"product_brand":[],"product_cat":[21],"product_tag":[],"class_list":{"0":"post-236","1":"product","2":"type-product","3":"status-publish","4":"has-post-thumbnail","6":"product_cat-kauppa","8":"first","9":"instock","10":"taxable","11":"shipping-taxable","12":"purchasable","13":"product-type-variable","14":"has-default-attributes"},"jetpack_sharing_enabled":true,"_links":{"self":[{"href":"https:\/\/slfcky.tarramesta.fi\/index.php\/wp-json\/wp\/v2\/product\/236","targetHints":{"allow":["GET"]}}],"collection":[{"href":"https:\/\/slfcky.tarramesta.fi\/index.php\/wp-json\/wp\/v2\/product"}],"about":[{"href":"https:\/\/slfcky.tarramesta.fi\/index.php\/wp-json\/wp\/v2\/types\/product"}],"wp:featuredmedia":[{"embeddable":true,"href":"https:\/\/slfcky.tarramesta.fi\/index.php\/wp-json\/wp\/v2\/media\/237"}],"wp:attachment":[{"href":"https:\/\/slfcky.tarramesta.fi\/index.php\/wp-json\/wp\/v2\/media?parent=236"}],"wp:term":[{"taxonomy":"product_brand","embeddable":true,"href":"https:\/\/slfcky.tarramesta.fi\/index.php\/wp-json\/wp\/v2\/product_brand?post=236"},{"taxonomy":"product_cat","embeddable":true,"href":"https:\/\/slfcky.tarramesta.fi\/index.php\/wp-json\/wp\/v2\/product_cat?post=236"},{"taxonomy":"product_tag","embeddable":true,"href":"https:\/\/slfcky.tarramesta.fi\/index.php\/wp-json\/wp\/v2\/product_tag?post=236"}],"curies":[{"name":"wp","href":"https:\/\/api.w.org\/{rel}","templated":true}]}}