{"id":230,"date":"2025-11-12T11:34:53","date_gmt":"2025-11-12T11:34:53","guid":{"rendered":"https:\/\/slfcky.tarramesta.fi\/?post_type=product&#038;p=230"},"modified":"2025-11-12T11:36:12","modified_gmt":"2025-11-12T11:36:12","slug":"kevyt-toppatakki-norway","status":"publish","type":"product","link":"https:\/\/slfcky.tarramesta.fi\/index.php\/tuote\/kevyt-toppatakki-norway\/","title":{"rendered":"Kevyt toppatakki Norway"},"content":{"rendered":"<p>Tikattu takki h\u00f6yhent\u00e4ytteell\u00e4 ja hupulla.<br \/>\nK\u00e4\u00e4nteiset vetoketjut yhteensopivalla leukasuojalla ja vedin.<br \/>\nKaksi vetoketjullista sivutaskua.<br \/>\nHihansuissa, helmassa ja hupussa yhteensopiva joustava reunus.<br \/>\nKontrastinen sis\u00e4vuori. Kevyt ja taitettava vaate.<\/p>\n<p><strong>Materiaali:<\/strong><br \/>\nKuori: 100% polyesteri, 300T.<br \/>\nVuori: 100 % polyesteri\u00e4.<br \/>\nVanu: 100 % polyesteri\u00e4, h\u00f6yhenefekti. 290 gsm.<\/p>\n<p class=\"observation-text\" data-v-f0f089fc=\"\">* Vedenkest\u00e4v\u00e4.<br \/>\n* Tuulenpit\u00e4v\u00e4 malli.<br \/>\n*Duo-konsepti.<\/p>\n<p><img decoding=\"async\" class=\"mr-1 grey\" title=\"40\u00ba pesu max\" src=\"https:\/\/static.gorfactory.es\/images\/icons\/20221116171353_Lavar-40-max.png\" alt=\"40\u00ba pesu max\" width=\"40\" height=\"40\" data-v-6089ed0a=\"\" data-v-f0f089fc=\"\" \/><img decoding=\"async\" class=\"mr-1 grey\" title=\"\u00c4l\u00e4 valkaise\" src=\"https:\/\/static.gorfactory.es\/images\/icons\/20220914110315_No%20usar%20blanqueador.png\" alt=\"\u00c4l\u00e4 valkaise\" width=\"40\" height=\"40\" data-v-6089ed0a=\"\" data-v-f0f089fc=\"\" \/><img decoding=\"async\" class=\"mr-1 grey\" title=\"\u00c4l\u00e4 rumpukuivaa\" src=\"https:\/\/static.gorfactory.es\/images\/icons\/20220914110302_No%20secar%20en%20secadora.png\" alt=\"\u00c4l\u00e4 rumpukuivaa\" width=\"40\" height=\"40\" data-v-6089ed0a=\"\" data-v-f0f089fc=\"\" \/><img loading=\"lazy\" decoding=\"async\" class=\"mr-1 grey\" title=\"\u00c4l\u00e4 silit\u00e4\" src=\"https:\/\/static.gorfactory.es\/images\/icons\/20220914110249_No%20planchar.png\" alt=\"\u00c4l\u00e4 silit\u00e4\" width=\"40\" height=\"40\" data-v-6089ed0a=\"\" data-v-f0f089fc=\"\" \/><img loading=\"lazy\" decoding=\"async\" class=\"mr-1 grey\" title=\"\u00c4l\u00e4 kuivapesua\" src=\"https:\/\/static.gorfactory.es\/images\/icons\/20220914110151_No%20lavar%20en%20seco.png\" alt=\"\u00c4l\u00e4 kuivapesua\" width=\"40\" height=\"40\" data-v-6089ed0a=\"\" data-v-f0f089fc=\"\" \/><\/p>\n<p>&nbsp;<\/p>\n<table id=\"size_chart\" class=\"table table-responsive\" width=\"203\" cellspacing=\"0\" cellpadding=\"0\">\n<tbody>\n<tr>\n<th>Koko<\/th>\n<th><img decoding=\"async\" src=\"https:\/\/wordans-a1a5.kxcdn.com\/images\/wordans2010\/length.png\" alt=\"Length\" \/>\u00a0<label id=\"lengthLabel\">Pituus<\/label><\/th>\n<th><img decoding=\"async\" src=\"https:\/\/wordans-a1a5.kxcdn.com\/images\/wordans2010\/width.png\" alt=\"Width\" \/>\u00a0<label id=\"widthLabel\">Leveys<\/label><\/th>\n<\/tr>\n<tr>\n<td>S<\/td>\n<td>66<\/td>\n<td>53<\/td>\n<\/tr>\n<tr>\n<td>M<\/td>\n<td>68<\/td>\n<td>55,5<\/td>\n<\/tr>\n<tr>\n<td>L<\/td>\n<td>70<\/td>\n<td>58<\/td>\n<\/tr>\n<tr>\n<td>XL<\/td>\n<td>72<\/td>\n<td>61,5<\/td>\n<\/tr>\n<tr>\n<td>2XL<\/td>\n<td>74<\/td>\n<td>65<\/td>\n<\/tr>\n<tr>\n<td>3XL<\/td>\n<td>75<\/td>\n<td>69<\/td>\n<\/tr>\n<\/tbody>\n<\/table>\n","protected":false},"excerpt":{"rendered":"<p>Tikattu takki h\u00f6yhent\u00e4ytteell\u00e4 ja hupulla. K\u00e4\u00e4nteiset vetoketjut yhteensopivalla leukasuojalla ja vedin. Kaksi vetoketjullista sivutaskua. Hihansuissa, helmassa ja hupussa yhteensopiva joustava reunus. Kontrastinen sis\u00e4vuori. Kevyt ja taitettava vaate. Materiaali: Kuori: 100% polyesteri, 300T. Vuori: 100 % polyesteri\u00e4. Vanu: 100 % polyesteri\u00e4, h\u00f6yhenefekti. 290 gsm. * Vedenkest\u00e4v\u00e4. * Tuulenpit\u00e4v\u00e4 malli. *Duo-konsepti. &nbsp; Koko \u00a0Pituus \u00a0Leveys S 66 [&hellip;]<\/p>\n","protected":false},"featured_media":231,"template":"","meta":[],"product_brand":[],"product_cat":[21],"product_tag":[],"class_list":{"0":"post-230","1":"product","2":"type-product","3":"status-publish","4":"has-post-thumbnail","6":"product_cat-kauppa","8":"first","9":"instock","10":"taxable","11":"shipping-taxable","12":"purchasable","13":"product-type-variable","14":"has-default-attributes"},"jetpack_sharing_enabled":true,"_links":{"self":[{"href":"https:\/\/slfcky.tarramesta.fi\/index.php\/wp-json\/wp\/v2\/product\/230","targetHints":{"allow":["GET"]}}],"collection":[{"href":"https:\/\/slfcky.tarramesta.fi\/index.php\/wp-json\/wp\/v2\/product"}],"about":[{"href":"https:\/\/slfcky.tarramesta.fi\/index.php\/wp-json\/wp\/v2\/types\/product"}],"wp:featuredmedia":[{"embeddable":true,"href":"https:\/\/slfcky.tarramesta.fi\/index.php\/wp-json\/wp\/v2\/media\/231"}],"wp:attachment":[{"href":"https:\/\/slfcky.tarramesta.fi\/index.php\/wp-json\/wp\/v2\/media?parent=230"}],"wp:term":[{"taxonomy":"product_brand","embeddable":true,"href":"https:\/\/slfcky.tarramesta.fi\/index.php\/wp-json\/wp\/v2\/product_brand?post=230"},{"taxonomy":"product_cat","embeddable":true,"href":"https:\/\/slfcky.tarramesta.fi\/index.php\/wp-json\/wp\/v2\/product_cat?post=230"},{"taxonomy":"product_tag","embeddable":true,"href":"https:\/\/slfcky.tarramesta.fi\/index.php\/wp-json\/wp\/v2\/product_tag?post=230"}],"curies":[{"name":"wp","href":"https:\/\/api.w.org\/{rel}","templated":true}]}}