{"id":189,"date":"2025-11-12T10:21:56","date_gmt":"2025-11-12T10:21:56","guid":{"rendered":"https:\/\/slfcky.tarramesta.fi\/?post_type=product&#038;p=189"},"modified":"2025-11-12T11:36:47","modified_gmt":"2025-11-12T11:36:47","slug":"softshell-takki-nebraska","status":"publish","type":"product","link":"https:\/\/slfcky.tarramesta.fi\/index.php\/tuote\/softshell-takki-nebraska\/","title":{"rendered":"Softshell takki Nebraska"},"content":{"rendered":"<p>2-kerroksinen softshell. 1.- K\u00e4\u00e4nteinen vetoketju, jossa on yhteensopiva leukasuoja ja vedin.<br \/>\n2.- Sis\u00e4vuori fleecekangasta.<br \/>\n3.- Ulkotasku oikeassa rinnassa yhteensopivalla vetoketjulla ja vetimell\u00e4.<br \/>\n4.- Kaksi ulkotaskua, joissa on yhteensopiva vetoketju ja vedin.<br \/>\n5.- Tarranauhat hihansuissa. 6.- Alahelma joustavalla johdolla ja tulpilla.<br \/>\nAsennettu leikkaus naisten malliin.<br \/>\nMateriaali: Kaksi kerrosta. Kuori: 92% polyesteri \/ 8% elastaani. Vuori: 100% eritt\u00e4in l\u00e4mmint\u00e4 mikrofleecepolyesteri\u00e4. 300 gsm.<br \/>\nVedenkest\u00e4v\u00e4. Tuulenpit\u00e4v\u00e4. Duo-konsepti. Lasten koot saatavilla. Ota aina huomioon t\u00e4m\u00e4ntyyppisen kankaan rajoitukset ja tarve suojata muste siirtymilt\u00e4, kun tulostat sit\u00e4. DTF-tulostusta ei suositella t\u00e4lle mallille.<\/p>\n<div data-v-5ec54137=\"\"><img decoding=\"async\" class=\"mr-1 grey\" title=\"Do not tumble dry\" src=\"https:\/\/static.gorfactory.es\/images\/icons\/20220914110302_No%20secar%20en%20secadora.png\" alt=\"Do not tumble dry\" width=\"40\" height=\"40\" data-v-6089ed0a=\"\" data-v-636bb056=\"\" \/><img decoding=\"async\" class=\"mr-1 grey\" title=\"40\u00ba wash max\" src=\"https:\/\/static.gorfactory.es\/images\/icons\/20221116171353_Lavar-40-max.png\" alt=\"40\u00ba wash max\" width=\"40\" height=\"40\" data-v-6089ed0a=\"\" data-v-636bb056=\"\" \/><img decoding=\"async\" class=\"mr-1 grey\" title=\"Do not bleach\" src=\"https:\/\/static.gorfactory.es\/images\/icons\/20220914110315_No%20usar%20blanqueador.png\" alt=\"Do not bleach\" width=\"40\" height=\"40\" data-v-6089ed0a=\"\" data-v-636bb056=\"\" \/><img loading=\"lazy\" decoding=\"async\" class=\"mr-1 grey\" title=\"Iron at low temperature (Max. 110\u00ba)\" src=\"https:\/\/static.gorfactory.es\/images\/icons\/20221117085113_Planchar-110.png\" alt=\"Iron at low temperature (Max. 110\u00ba)\" width=\"40\" height=\"40\" data-v-6089ed0a=\"\" data-v-636bb056=\"\" \/><img loading=\"lazy\" decoding=\"async\" class=\"mr-1 grey\" title=\"Do not dry clean\" src=\"https:\/\/static.gorfactory.es\/images\/icons\/20220914110151_No%20lavar%20en%20seco.png\" alt=\"Do not dry clean\" width=\"40\" height=\"40\" data-v-6089ed0a=\"\" data-v-636bb056=\"\" \/><\/div>\n<div data-v-5ec54137=\"\"><\/div>\n<div data-v-5ec54137=\"\"><\/div>\n<table id=\"size_chart\" class=\"table table-responsive\" width=\"203\" cellspacing=\"0\" cellpadding=\"0\">\n<tbody>\n<tr>\n<th>Koko<\/th>\n<th><img decoding=\"async\" src=\"https:\/\/wordans-a1a5.kxcdn.com\/images\/wordans2010\/length.png\" alt=\"Length\" \/>\u00a0<label id=\"lengthLabel\">Pituus<\/label><\/th>\n<th><img decoding=\"async\" src=\"https:\/\/wordans-a1a5.kxcdn.com\/images\/wordans2010\/width.png\" alt=\"Width\" \/>\u00a0<label id=\"widthLabel\">Leveys<\/label><\/th>\n<\/tr>\n<tr>\n<td>S<\/td>\n<td>71<\/td>\n<td>52<\/td>\n<\/tr>\n<tr>\n<td>M<\/td>\n<td>72<\/td>\n<td>55<\/td>\n<\/tr>\n<tr>\n<td>L<\/td>\n<td>73<\/td>\n<td>58<\/td>\n<\/tr>\n<tr>\n<td>XL<\/td>\n<td>74<\/td>\n<td>62<\/td>\n<\/tr>\n<tr>\n<td>2XL<\/td>\n<td>75<\/td>\n<td>65<\/td>\n<\/tr>\n<tr>\n<td>3XL<\/td>\n<td>76<\/td>\n<td>69<\/td>\n<\/tr>\n<tr>\n<td>4XL<\/td>\n<td>77<\/td>\n<td>73<\/td>\n<\/tr>\n<\/tbody>\n<\/table>\n","protected":false},"excerpt":{"rendered":"<p>2-kerroksinen softshell. 1.- K\u00e4\u00e4nteinen vetoketju, jossa on yhteensopiva leukasuoja ja vedin. 2.- Sis\u00e4vuori fleecekangasta. 3.- Ulkotasku oikeassa rinnassa yhteensopivalla vetoketjulla ja vetimell\u00e4. 4.- Kaksi ulkotaskua, joissa on yhteensopiva vetoketju ja vedin. 5.- Tarranauhat hihansuissa. 6.- Alahelma joustavalla johdolla ja tulpilla. Asennettu leikkaus naisten malliin. Materiaali: Kaksi kerrosta. Kuori: 92% polyesteri \/ 8% elastaani. Vuori: 100% [&hellip;]<\/p>\n","protected":false},"featured_media":191,"template":"","meta":[],"product_brand":[],"product_cat":[21],"product_tag":[],"class_list":{"0":"post-189","1":"product","2":"type-product","3":"status-publish","4":"has-post-thumbnail","6":"product_cat-kauppa","8":"first","9":"instock","10":"taxable","11":"shipping-taxable","12":"purchasable","13":"product-type-variable","14":"has-default-attributes"},"jetpack_sharing_enabled":true,"_links":{"self":[{"href":"https:\/\/slfcky.tarramesta.fi\/index.php\/wp-json\/wp\/v2\/product\/189","targetHints":{"allow":["GET"]}}],"collection":[{"href":"https:\/\/slfcky.tarramesta.fi\/index.php\/wp-json\/wp\/v2\/product"}],"about":[{"href":"https:\/\/slfcky.tarramesta.fi\/index.php\/wp-json\/wp\/v2\/types\/product"}],"wp:featuredmedia":[{"embeddable":true,"href":"https:\/\/slfcky.tarramesta.fi\/index.php\/wp-json\/wp\/v2\/media\/191"}],"wp:attachment":[{"href":"https:\/\/slfcky.tarramesta.fi\/index.php\/wp-json\/wp\/v2\/media?parent=189"}],"wp:term":[{"taxonomy":"product_brand","embeddable":true,"href":"https:\/\/slfcky.tarramesta.fi\/index.php\/wp-json\/wp\/v2\/product_brand?post=189"},{"taxonomy":"product_cat","embeddable":true,"href":"https:\/\/slfcky.tarramesta.fi\/index.php\/wp-json\/wp\/v2\/product_cat?post=189"},{"taxonomy":"product_tag","embeddable":true,"href":"https:\/\/slfcky.tarramesta.fi\/index.php\/wp-json\/wp\/v2\/product_tag?post=189"}],"curies":[{"name":"wp","href":"https:\/\/api.w.org\/{rel}","templated":true}]}}