{"id":141,"date":"2025-11-12T09:30:00","date_gmt":"2025-11-12T09:30:00","guid":{"rendered":"https:\/\/slfcky.tarramesta.fi\/?post_type=product&#038;p=141"},"modified":"2025-11-12T09:39:58","modified_gmt":"2025-11-12T09:39:58","slug":"topattu-parkatakki-america-women","status":"publish","type":"product","link":"https:\/\/slfcky.tarramesta.fi\/index.php\/tuote\/topattu-parkatakki-america-women\/","title":{"rendered":"Topattu parkatakki America women"},"content":{"rendered":"<p>Naisten vedenpit\u00e4v\u00e4 kangas, kapea-istuva topattu parkatakki.<br \/>\nKorkea kaulus, jossa taitettava huppu ja tarrakiinnitys.<br \/>\nYhteensopiva keskell\u00e4 oleva vetoketju l\u00e4p\u00e4ll\u00e4.<br \/>\nSivutaskut vetoketjulla ja kiinte\u00e4ll\u00e4 l\u00e4p\u00e4ll\u00e4.<br \/>\nSis\u00e4tasku, jossa tarrakiinnitys.<br \/>\nS\u00e4\u00e4dett\u00e4v\u00e4t hihansuut tarranauhalla.<br \/>\nSis\u00e4\u00e4np\u00e4\u00e4sy vahvistuksiin sel\u00e4ss\u00e4 ja vasemmassa rinnassa.<\/p>\n<p><strong>Materiaali:<\/strong><br \/>\nUlkopuoli: 100 % kierr\u00e4tetty polyesteri<br \/>\nVuori: 100 % kierr\u00e4tetty polyesteri<br \/>\nPehmuste: 100 % kierr\u00e4tetty polyesteri 400 gsm<\/p>\n<p><img decoding=\"async\" class=\"mr-1 grey\" title=\"30\u00ba pesu max.\" src=\"https:\/\/static.gorfactory.es\/images\/icons\/20220914110209_Lavar%20a%2030%C2%BA%20m%C3%A1ximo.png\" alt=\"30\u00ba pesu max.\" width=\"40\" height=\"40\" data-v-6089ed0a=\"\" data-v-f0f089fc=\"\" \/><img decoding=\"async\" class=\"mr-1 grey\" title=\"\u00c4l\u00e4 valkaise\" src=\"https:\/\/static.gorfactory.es\/images\/icons\/20220914110315_No%20usar%20blanqueador.png\" alt=\"\u00c4l\u00e4 valkaise\" width=\"40\" height=\"40\" data-v-6089ed0a=\"\" data-v-f0f089fc=\"\" \/><img decoding=\"async\" class=\"mr-1 grey\" title=\"\u00c4l\u00e4 rumpukuivaa\" src=\"https:\/\/static.gorfactory.es\/images\/icons\/20220914110302_No%20secar%20en%20secadora.png\" alt=\"\u00c4l\u00e4 rumpukuivaa\" width=\"40\" height=\"40\" data-v-6089ed0a=\"\" data-v-f0f089fc=\"\" \/><img loading=\"lazy\" decoding=\"async\" class=\"mr-1 grey\" title=\"\u00c4l\u00e4 silit\u00e4\" src=\"https:\/\/static.gorfactory.es\/images\/icons\/20220914110249_No%20planchar.png\" alt=\"\u00c4l\u00e4 silit\u00e4\" width=\"40\" height=\"40\" data-v-6089ed0a=\"\" data-v-f0f089fc=\"\" \/><img loading=\"lazy\" decoding=\"async\" class=\"mr-1 grey\" title=\"\u00c4l\u00e4 kuivapesua\" src=\"https:\/\/static.gorfactory.es\/images\/icons\/20220914110151_No%20lavar%20en%20seco.png\" alt=\"\u00c4l\u00e4 kuivapesua\" width=\"39\" height=\"39\" data-v-6089ed0a=\"\" data-v-f0f089fc=\"\" \/><\/p>\n<p>&nbsp;<\/p>\n<table id=\"size_chart\" class=\"table table-responsive\" width=\"203\" cellspacing=\"0\" cellpadding=\"0\">\n<tbody>\n<tr>\n<th>Koko<\/th>\n<th><img decoding=\"async\" src=\"https:\/\/wordans-a1a5.kxcdn.com\/images\/wordans2010\/length.png\" alt=\"Length\" \/>\u00a0<label id=\"lengthLabel\">Pituus<\/label><\/th>\n<th><img decoding=\"async\" src=\"https:\/\/wordans-a1a5.kxcdn.com\/images\/wordans2010\/width.png\" alt=\"Width\" \/>\u00a0<label id=\"widthLabel\">Leveys<\/label><\/th>\n<\/tr>\n<tr>\n<td>S<\/td>\n<td>71<\/td>\n<td>50<\/td>\n<\/tr>\n<tr>\n<td>M<\/td>\n<td>72<\/td>\n<td>52<\/td>\n<\/tr>\n<tr>\n<td>L<\/td>\n<td>73<\/td>\n<td>54<\/td>\n<\/tr>\n<tr>\n<td>XL<\/td>\n<td>74<\/td>\n<td>57<\/td>\n<\/tr>\n<tr>\n<td>2XL<\/td>\n<td>75<\/td>\n<td>60<\/td>\n<\/tr>\n<tr>\n<td>3XL<\/td>\n<td>76<\/td>\n<td>63<\/td>\n<\/tr>\n<\/tbody>\n<\/table>\n","protected":false},"excerpt":{"rendered":"<p>Naisten vedenpit\u00e4v\u00e4 kangas, kapea-istuva topattu parkatakki. Korkea kaulus, jossa taitettava huppu ja tarrakiinnitys. Yhteensopiva keskell\u00e4 oleva vetoketju l\u00e4p\u00e4ll\u00e4. Sivutaskut vetoketjulla ja kiinte\u00e4ll\u00e4 l\u00e4p\u00e4ll\u00e4. Sis\u00e4tasku, jossa tarrakiinnitys. S\u00e4\u00e4dett\u00e4v\u00e4t hihansuut tarranauhalla. Sis\u00e4\u00e4np\u00e4\u00e4sy vahvistuksiin sel\u00e4ss\u00e4 ja vasemmassa rinnassa. Materiaali: Ulkopuoli: 100 % kierr\u00e4tetty polyesteri Vuori: 100 % kierr\u00e4tetty polyesteri Pehmuste: 100 % kierr\u00e4tetty polyesteri 400 gsm &nbsp; Koko [&hellip;]<\/p>\n","protected":false},"featured_media":152,"template":"","meta":[],"product_brand":[],"product_cat":[21],"product_tag":[],"class_list":{"0":"post-141","1":"product","2":"type-product","3":"status-publish","4":"has-post-thumbnail","6":"product_cat-kauppa","8":"first","9":"instock","10":"taxable","11":"shipping-taxable","12":"purchasable","13":"product-type-variable","14":"has-default-attributes"},"jetpack_sharing_enabled":true,"_links":{"self":[{"href":"https:\/\/slfcky.tarramesta.fi\/index.php\/wp-json\/wp\/v2\/product\/141","targetHints":{"allow":["GET"]}}],"collection":[{"href":"https:\/\/slfcky.tarramesta.fi\/index.php\/wp-json\/wp\/v2\/product"}],"about":[{"href":"https:\/\/slfcky.tarramesta.fi\/index.php\/wp-json\/wp\/v2\/types\/product"}],"wp:featuredmedia":[{"embeddable":true,"href":"https:\/\/slfcky.tarramesta.fi\/index.php\/wp-json\/wp\/v2\/media\/152"}],"wp:attachment":[{"href":"https:\/\/slfcky.tarramesta.fi\/index.php\/wp-json\/wp\/v2\/media?parent=141"}],"wp:term":[{"taxonomy":"product_brand","embeddable":true,"href":"https:\/\/slfcky.tarramesta.fi\/index.php\/wp-json\/wp\/v2\/product_brand?post=141"},{"taxonomy":"product_cat","embeddable":true,"href":"https:\/\/slfcky.tarramesta.fi\/index.php\/wp-json\/wp\/v2\/product_cat?post=141"},{"taxonomy":"product_tag","embeddable":true,"href":"https:\/\/slfcky.tarramesta.fi\/index.php\/wp-json\/wp\/v2\/product_tag?post=141"}],"curies":[{"name":"wp","href":"https:\/\/api.w.org\/{rel}","templated":true}]}}