{"id":113,"date":"2025-11-12T08:41:16","date_gmt":"2025-11-12T08:41:16","guid":{"rendered":"https:\/\/slfcky.tarramesta.fi\/?post_type=product&#038;p=113"},"modified":"2025-11-14T08:32:58","modified_gmt":"2025-11-14T08:32:58","slug":"talvitakki-tallin","status":"publish","type":"product","link":"https:\/\/slfcky.tarramesta.fi\/index.php\/tuote\/talvitakki-tallin\/","title":{"rendered":"Talvitakki Tallin"},"content":{"rendered":"<p>Pehmustettu takki kiinte\u00e4ll\u00e4 hupulla.<br \/>\nEdess\u00e4 vetoketju, jossa on nappi.<br \/>\nLeukasuoja. Kaksi vetoketjullista sivutaskua.<br \/>\nJoustavat hihansuut.<br \/>\nSis\u00e4inen p\u00e4\u00e4sy uudelleenk\u00e4sittely\u00e4 varten sel\u00e4ss\u00e4 ja vasemmassa rinnassa.<\/p>\n<p class=\"composition-text\" data-v-f0f089fc=\"\">Materiaali:<br \/>\nUlkokangas: 100 % polyesteri<br \/>\nPehmuste: 100 % polyesteri<br \/>\nVuori: 100 % polyesteri 708 g\/m\u00b2<\/p>\n<p class=\"observation-text\" data-v-f0f089fc=\"\">Etenkin urheiluv\u00e4lineille.<\/p>\n<p data-v-f0f089fc=\"\"><img decoding=\"async\" class=\"mr-1 grey\" title=\"30\u00ba pesu max.\" src=\"https:\/\/static.gorfactory.es\/images\/icons\/20220914110209_Lavar%20a%2030%C2%BA%20m%C3%A1ximo.png\" alt=\"30\u00ba pesu max.\" width=\"40\" height=\"40\" data-v-6089ed0a=\"\" data-v-f0f089fc=\"\" \/><img decoding=\"async\" class=\"mr-1 grey\" title=\"\u00c4l\u00e4 valkaise\" src=\"https:\/\/static.gorfactory.es\/images\/icons\/20220914110315_No%20usar%20blanqueador.png\" alt=\"\u00c4l\u00e4 valkaise\" width=\"39\" height=\"39\" data-v-6089ed0a=\"\" data-v-f0f089fc=\"\" \/><img decoding=\"async\" class=\"mr-1 grey\" title=\"\u00c4l\u00e4 rumpukuivaa\" src=\"https:\/\/static.gorfactory.es\/images\/icons\/20220914110302_No%20secar%20en%20secadora.png\" alt=\"\u00c4l\u00e4 rumpukuivaa\" width=\"40\" height=\"40\" data-v-6089ed0a=\"\" data-v-f0f089fc=\"\" \/><img loading=\"lazy\" decoding=\"async\" class=\"mr-1 grey\" title=\"\u00c4l\u00e4 silit\u00e4\" src=\"https:\/\/static.gorfactory.es\/images\/icons\/20220914110249_No%20planchar.png\" alt=\"\u00c4l\u00e4 silit\u00e4\" width=\"40\" height=\"40\" data-v-6089ed0a=\"\" data-v-f0f089fc=\"\" \/><img loading=\"lazy\" decoding=\"async\" class=\"mr-1 grey\" title=\"\u00c4l\u00e4 kuivapesua\" src=\"https:\/\/static.gorfactory.es\/images\/icons\/20220914110151_No%20lavar%20en%20seco.png\" alt=\"\u00c4l\u00e4 kuivapesua\" width=\"40\" height=\"40\" data-v-6089ed0a=\"\" data-v-f0f089fc=\"\" \/><\/p>\n<table id=\"size_chart\" class=\"table table-responsive\" width=\"203\" cellspacing=\"0\" cellpadding=\"0\">\n<tbody>\n<tr>\n<th>Koko<\/th>\n<th><img decoding=\"async\" src=\"https:\/\/wordans-a1a5.kxcdn.com\/images\/wordans2010\/length.png\" alt=\"Length\" \/>\u00a0<label id=\"lengthLabel\">Pituus<\/label><\/th>\n<th><img decoding=\"async\" src=\"https:\/\/wordans-a1a5.kxcdn.com\/images\/wordans2010\/width.png\" alt=\"Width\" \/>\u00a0<label id=\"widthLabel\">Leveys<\/label><\/th>\n<\/tr>\n<tr>\n<td>S<\/td>\n<td>76<\/td>\n<td>56<\/td>\n<\/tr>\n<tr>\n<td>M<\/td>\n<td>78<\/td>\n<td>59<\/td>\n<\/tr>\n<tr>\n<td>L<\/td>\n<td>80<\/td>\n<td>62<\/td>\n<\/tr>\n<tr>\n<td>XL<\/td>\n<td>82<\/td>\n<td>65<\/td>\n<\/tr>\n<tr>\n<td>2XL<\/td>\n<td>84<\/td>\n<td>69<\/td>\n<\/tr>\n<tr>\n<td>3XL<\/td>\n<td>86<\/td>\n<td>73<\/td>\n<\/tr>\n<\/tbody>\n<\/table>\n","protected":false},"excerpt":{"rendered":"<p>Pehmustettu takki kiinte\u00e4ll\u00e4 hupulla. Edess\u00e4 vetoketju, jossa on nappi. Leukasuoja. Kaksi vetoketjullista sivutaskua. Joustavat hihansuut. Sis\u00e4inen p\u00e4\u00e4sy uudelleenk\u00e4sittely\u00e4 varten sel\u00e4ss\u00e4 ja vasemmassa rinnassa. Materiaali: Ulkokangas: 100 % polyesteri Pehmuste: 100 % polyesteri Vuori: 100 % polyesteri 708 g\/m\u00b2 Etenkin urheiluv\u00e4lineille. Koko \u00a0Pituus \u00a0Leveys S 76 56 M 78 59 L 80 62 XL 82 65 [&hellip;]<\/p>\n","protected":false},"featured_media":115,"template":"","meta":[],"product_brand":[],"product_cat":[21],"product_tag":[],"class_list":{"0":"post-113","1":"product","2":"type-product","3":"status-publish","4":"has-post-thumbnail","6":"product_cat-kauppa","8":"first","9":"instock","10":"taxable","11":"shipping-taxable","12":"purchasable","13":"product-type-variable","14":"has-default-attributes"},"jetpack_sharing_enabled":true,"_links":{"self":[{"href":"https:\/\/slfcky.tarramesta.fi\/index.php\/wp-json\/wp\/v2\/product\/113","targetHints":{"allow":["GET"]}}],"collection":[{"href":"https:\/\/slfcky.tarramesta.fi\/index.php\/wp-json\/wp\/v2\/product"}],"about":[{"href":"https:\/\/slfcky.tarramesta.fi\/index.php\/wp-json\/wp\/v2\/types\/product"}],"wp:featuredmedia":[{"embeddable":true,"href":"https:\/\/slfcky.tarramesta.fi\/index.php\/wp-json\/wp\/v2\/media\/115"}],"wp:attachment":[{"href":"https:\/\/slfcky.tarramesta.fi\/index.php\/wp-json\/wp\/v2\/media?parent=113"}],"wp:term":[{"taxonomy":"product_brand","embeddable":true,"href":"https:\/\/slfcky.tarramesta.fi\/index.php\/wp-json\/wp\/v2\/product_brand?post=113"},{"taxonomy":"product_cat","embeddable":true,"href":"https:\/\/slfcky.tarramesta.fi\/index.php\/wp-json\/wp\/v2\/product_cat?post=113"},{"taxonomy":"product_tag","embeddable":true,"href":"https:\/\/slfcky.tarramesta.fi\/index.php\/wp-json\/wp\/v2\/product_tag?post=113"}],"curies":[{"name":"wp","href":"https:\/\/api.w.org\/{rel}","templated":true}]}}